{"id":37036,"date":"2024-06-02T00:13:19","date_gmt":"2024-06-01T14:13:19","guid":{"rendered":"https:\/\/bloeckerblog.com\/index.php\/witz-mutterwitz-sprache\/"},"modified":"2024-06-02T00:54:08","modified_gmt":"2024-06-01T14:54:08","slug":"witz-mutterwitz-sprache","status":"publish","type":"page","link":"https:\/\/bloeckerblog.com\/index.php\/witz-mutterwitz-sprache\/","title":{"rendered":"Wit"},"content":{"rendered":"\n<p class=\"wp-block-paragraph\">Witz und Humor | Intelligenz<\/p>\n\n\n\n<p class=\"wp-block-paragraph\">Shakespeare Pun | Wortspiel und Humor <\/p>\n\n\n\n<p class=\"wp-block-paragraph\">Wilhelm Busch und Loriot<\/p>\n\n\n\n<p class=\"wp-block-paragraph\">Was ist trockener Humor?<\/p>\n\n\n\n<p class=\"wp-block-paragraph\">Was ist Mutterwitz?<\/p>\n\n\n\n<p class=\"wp-block-paragraph\">Kann ein Vater auch witzig sein?<\/p>\n\n\n\n<p class=\"wp-block-paragraph\">Ein <strong>Kalauer<\/strong> ist ein einfaches, oft auf einem Wortspiel beruhendes Witz, das manchmal als Flachwitz oder Plattwitz bezeichnet wird. Es zeichnet sich durch eine eher geringe \u201eLustigkeit\u201c aus und wird manchmal sogar ironisch eingesetzt. Ein Beispiel f\u00fcr einen Kalauer w\u00e4re: \u201eWarum sind die Buchstaben von A bis J so lustig?\u201c \u2013 \u201eWeil sie auf das K lauern!\u201c\u00b9.<\/p>\n\n\n\n<p class=\"wp-block-paragraph\">Die Herkunft des Begriffs ist nicht eindeutig gekl\u00e4rt, aber eine g\u00e4ngige Theorie bezieht sich auf die Stadt Calau in der Niederlausitz, die fr\u00fcher mit einem &#8216;K&#8217; geschrieben wurde. Eine andere Theorie f\u00fchrt den Begriff auf das deutsche Volksbuch &#8220;Der Pfaffe von Kalenberg&#8221; zur\u00fcck\u00b9.<\/p>\n\n\n\n<p class=\"wp-block-paragraph\">In der deutschen Sprache wird der Kalauer oft als nicht sehr geistreicher Witz verstanden, der auf einem Wortspiel beruht\u00b2. Im Englischen k\u00f6nnte man einen Kalauer als &#8220;corny joke&#8221; oder &#8220;corny pun&#8221; bezeichnen\u2074.<\/p>\n\n\n\n<p class=\"wp-block-paragraph\">Source: Conversation with Copilot, 02\/06\/2024<br \/>(1) Kalauer \u2013 Wikipedia. https:\/\/de.wikipedia.org\/wiki\/Kalauer.<br \/>(2) Duden | Kalauer | Rechtschreibung, Bedeutung, Definition, Herkunft. https:\/\/www.duden.de\/rechtschreibung\/Kalauer.<br \/>(3) Translate &#8220;KALAUER&#8221; from German into English &#8211; Collins Online Dictionary. https:\/\/www.collinsdictionary.com\/us\/dictionary\/german-english\/kalauer.<br \/>(4) Kalauer &#8211; Wiktionary, the free dictionary. https:\/\/en.wiktionary.org\/wiki\/Kalauer.<br \/>(5) English translation of &#8216;Kalauer&#8217; &#8211; Collins Online Dictionary. https:\/\/www.collinsdictionary.com\/dictionary\/german-english\/kalauer.<br \/>(6) en.wikipedia.org. https:\/\/en.wikipedia.org\/wiki\/Pun.<\/p>\n\n\n\n<p class=\"wp-block-paragraph\">\u2014\u2014<\/p>\n\n\n\n<p class=\"wp-block-paragraph\"><strong>Humor und Intelligenz<\/strong> sind tats\u00e4chlich miteinander verbunden! Zahlreiche Studien haben eine Assoziation zwischen Humor und Intelligenz festgestellt. Forscher in \u00d6sterreich haben k\u00fcrzlich herausgefunden, dass <strong>lustige Menschen<\/strong>, insbesondere diejenigen, die <strong>dunklen Humor<\/strong> m\u00f6gen, <strong>h\u00f6here IQs<\/strong> als ihre weniger witzigen Altersgenossen haben. Sie argumentieren, dass sowohl kognitive als auch emotionale F\u00e4higkeiten erforderlich sind, um Humor zu verarbeiten und zu produzieren\u00b2.<\/p>\n\n\n\n<p class=\"wp-block-paragraph\">Hier sind einige interessante Erkenntnisse:<\/p>\n\n\n\n<ol class=\"wp-block-list\">\n<li><strong>Verbal und nonverbal intelligent<\/strong>: Lustige Menschen erzielen sowohl in verbalen als auch in nonverbalen Intelligenztests h\u00f6here Punktzahlen. Ihre F\u00e4higkeit, Humor zu verstehen und zu erzeugen, h\u00e4ngt mit ihrer kognitiven Leistungsf\u00e4higkeit zusammen.<\/li>\n\n\n\n<li><strong>Gute Partnerqualit\u00e4t<\/strong>: Ein gutes Gesp\u00fcr f\u00fcr Humor ist mit <strong>hoher emotionaler Intelligenz<\/strong> verbunden und wird als \u00e4u\u00dferst w\u00fcnschenswerte Eigenschaft bei einem Partner angesehen. Evolution\u00e4re Psychologen beschreiben Humor als ein \u201evererbbares Merkmal\u201c, das potenziellen Partnern geistige Fitness und intellektuelle Beweglichkeit signalisiert.<\/li>\n\n\n\n<li><strong>Positive Humorstil<\/strong>: Menschen, die Humor verwenden, um Beziehungen zu verbessern und Konflikte zu reduzieren, haben oft eine <strong>positive Einstellung zum Leben<\/strong>. Dieser Humorstil ist mit Beziehungszufriedenheit, Extrovertiertheit und hohem Selbstwertgef\u00fchl verbunden.<\/li>\n\n\n\n<li><strong>Bew\u00e4ltigungsstrategie<\/strong>: Eine humorvolle Sichtweise auf das Leben hilft Menschen, <strong>Stress und Widrigkeiten besser zu bew\u00e4ltigen<\/strong>. Im Gegensatz dazu bieten negative Humorstile wie Sarkasmus oder Selbstentwertung nicht die gleichen Vorteile und k\u00f6nnen Menschen eher entfremden.<\/li>\n\n\n\n<li><strong>Lachen und Gehirnver\u00e4nderungen<\/strong>: Neurobiologische Studien zeigen, dass Lachen zu <strong>Gehirnver\u00e4nderungen<\/strong> f\u00fchrt. Positive emotionale Zust\u00e4nde wie Freude und Gl\u00fcck erh\u00f6hen die Produktion von <strong>Dopamin<\/strong> im Gehirn. Dopamin f\u00f6rdert nicht nur unser Wohlbefinden, sondern \u00f6ffnet auch die Lernzentren des Gehirns, was zu mehr neuronalen Verbindungen f\u00fchrt. Das macht uns flexibler und kreativer im Denken und besser darin, Probleme zu l\u00f6sen\u00b2.<\/li>\n<\/ol>\n\n\n\n<p class=\"wp-block-paragraph\">Insgesamt sind lustige Menschen nicht nur intelligent, sondern auch angenehm im Umgang. Ihr Humor kann nicht nur andere zum Lachen bringen, sondern auch ihre eigene geistige Fitness f\u00f6rdern.<\/p>\n\n\n\n<p class=\"wp-block-paragraph\">Source: Conversation with Copilot, 02\/06\/2024<br \/>(1) Being funny is a sign of intelligence, according to science. https:\/\/www.weforum.org\/agenda\/2017\/10\/funny-people-are-also-more-intelligent-according-to-new-research\/.<br \/>(2) Funny People Have Higher IQs: Here&#8217;s Why Humor and Intelligence Go Hand \u2026. https:\/\/www.newsweek.com\/funny-people-higher-iq-more-intelligent-685585.<br \/>(3) Study: Ability to produce humor linked to higher intelligence levels in \u2026. https:\/\/phys.org\/news\/2021-10-ability-humor-linked-higher-intelligence.html.<\/p>\n\n\n\n<p class=\"wp-block-paragraph\">\u2014\u2014<\/p>\n\n\n\n<p class=\"wp-block-paragraph\"><strong>Mutterwitz<\/strong> bezeichnet eine angeborene F\u00e4higkeit, Sachverhalte schnell zu begreifen, zu beurteilen und auf solche schlagfertig zu reagieren\u00b9. Der Begriff setzt sich aus den W\u00f6rtern &#8220;Mutter&#8221; und &#8220;Witz&#8221; zusammen. &#8220;Mutter&#8221; verweist darauf, dass die Eigenschaft bzw. F\u00e4higkeit angeboren ist, w\u00e4hrend &#8220;Witz&#8221; im alten Sinne f\u00fcr Klugheit bzw. Verstand steht\u00b9. Heute entspricht der Begriff der <strong>Gewitztheit<\/strong> oder <strong>Schlagfertigkeit<\/strong>\u00b2.<\/p>\n\n\n\n<p class=\"wp-block-paragraph\">Im Englischen k\u00f6nnte man &#8220;Mutterwitz&#8221; als &#8220;mother wit&#8221; oder &#8220;natural wit&#8221; bezeichnen\u2074. Es handelt sich also um eine nat\u00fcrliche Veranlagung, die nicht erlernt wird, im Gegensatz zum &#8220;Schulwitz&#8221;, der durch Bildung und Lernen erworben wird\u00b9. Mutterwitz ist somit ein Zeichen von schneller Auffassungsgabe und geistiger Beweglichkeit.<\/p>\n\n\n\n<p class=\"wp-block-paragraph\">Source: Conversation with Copilot, 02\/06\/2024<br \/>(1) Mutterwitz \u2013 Wikipedia. https:\/\/de.wikipedia.org\/wiki\/Mutterwitz.<br \/>(2) Duden | Mutterwitz | Rechtschreibung, Bedeutung, Definition, Herkunft. https:\/\/www.duden.de\/rechtschreibung\/Mutterwitz.<br \/>(3) Translate &#8220;MUTTERWITZ&#8221; from German into English | Collins German \u2026. https:\/\/www.collinsdictionary.com\/us\/dictionary\/german-english\/mutterwitz.<br \/>(4) Mutterwitz \u2013 Wiktionary. https:\/\/bing.com\/search?q=Mutterwitz+Bedeutung.<br \/>(5) English translation of &#8216;Mutterwitz&#8217; &#8211; Collins Online Dictionary. https:\/\/www.collinsdictionary.com\/dictionary\/german-english\/mutterwitz.<br \/>(6) Mutterwitz \u2013 Wiktionary. https:\/\/de.wiktionary.org\/wiki\/Mutterwitz.<\/p>\n\n\n\n<p class=\"wp-block-paragraph\">\u2014-<\/p>\n\n\n\n<p class=\"wp-block-paragraph\">Der Vergleich des Humors und der Kultur zwischen <strong>Deutschland<\/strong> und <strong>Gro\u00dfbritannien<\/strong> anhand von Loriot und Monty Python ist faszinierend, da beide ihre jeweiligen Gesellschaften auf einzigartige Weise widerspiegeln.<\/p>\n\n\n\n<p class=\"wp-block-paragraph\"><strong>Loriot<\/strong>, b\u00fcrgerlich Bernhard-Viktor Christoph-Carl von B\u00fclow, war ein Meister des subtilen, trockenen Humors und der Beobachtung des Alltagslebens. Sein Humor zeichnete sich durch einen meisterhaften Gebrauch der deutschen Sprache aus und erfasste die Eigenheiten und die Vorliebe der Deutschen f\u00fcr Ordnung und F\u00f6rmlichkeit\u2076. Loriots Sketche und Cartoons spiegelten oft die Mittelschicht der deutschen Gesellschaft wider und machten sich \u00fcber die Kleinb\u00fcrgerlichkeit und die T\u00fccken des Alltags lustig. Seine Werke sind ein Spiegelbild der deutschen Kultur, die Wert auf Pr\u00e4zision und das Einhalten von Regeln legt.<\/p>\n\n\n\n<p class=\"wp-block-paragraph\"><strong>Monty Python<\/strong>, eine britische Komikergruppe, wurde bekannt f\u00fcr ihren surrealen und absurden Humor. Sie verwendeten Satire, dunklen Humor und Absurdit\u00e4t, um die britische Kultur zu kommentieren\u00b9. Ihre Sketche und Filme machten sich oft \u00fcber die britische Oberschicht lustig und parodierten die britische Geschichte und Literatur. Monty Python war bekannt daf\u00fcr, die Grenzen des Humors zu erweitern und Tabus zu brechen, was sie zu einer der einflussreichsten Komikergruppen der Welt machte\u00b9.<\/p>\n\n\n\n<p class=\"wp-block-paragraph\">Beide, Loriot und Monty Python, haben den Humor in ihren L\u00e4ndern gepr\u00e4gt und sind bis heute einflussreich. W\u00e4hrend Loriot die deutsche Sprache und das b\u00fcrgerliche Leben karikierte, nutzte Monty Python die Absurdit\u00e4t, um die britische Gesellschaft zu hinterfragen. Beide haben auf ihre Weise dazu beigetragen, dass Menschen \u00fcber sich selbst und ihre Kultur lachen k\u00f6nnen.<\/p>\n\n\n\n<p class=\"wp-block-paragraph\">Source: Conversation with Copilot, 02\/06\/2024<br \/>(1) Loriot \u2013 Wikipedia. https:\/\/de.wikipedia.org\/wiki\/Loriot.<br \/>(2) What Type of Humor is Monty Python? (Movie Comedy Explained). https:\/\/wittycompanion.com\/what-type-of-humor-is-monty-python\/.<br \/>(3) 49 of Monty Python&#8217;s most absurdly funny jokes and quotes &#8211; inews.co.uk. https:\/\/inews.co.uk\/light-relief\/jokes\/funniest-monty-python-quotes-136980.<br \/>(4) monty python funniest jokes &#8211; The Telegraph. https:\/\/www.telegraph.co.uk\/comedy\/comedians\/monty-python-funniest-jokes\/.<br \/>(5) Monty Python | British comedy troupe | Britannica. https:\/\/www.britannica.com\/topic\/Monty-Python.<br \/>(6) MONTY PYTHON, comedy phenomenon that changed pop culture forever. https:\/\/filmfolly.com\/features\/monty-python-comedy-phenomenon-that-changed-pop-culture-forever.<br \/>(7) Loriot &#8211; Wikipedia. https:\/\/en.wikipedia.org\/wiki\/Loriot.<br \/>(8) Remembering the celebrated satirist &#8216;who taught Germans how to laugh&#8217;. https:\/\/www.thelocal.de\/20180822\/what-makes-loriot-an-enduring-comedic-genius.<br \/>(9) Germany mourns king of comedy Loriot | Germany | The Guardian. https:\/\/www.theguardian.com\/world\/2011\/aug\/24\/germany-comedy-loriot.<br \/>(10) One of Germany&#8217;s most influential comedians, Loriot, would \u2026 &#8211; Facebook. https:\/\/www.facebook.com\/GermanEmbassyUK\/videos\/one-of-germanys-most-influential-comedians-loriot-would-have-turned-100-yesterda\/726683065980983\/.<br \/>(11) en.wikipedia.org. https:\/\/en.wikipedia.org\/wiki\/Monty_Python.<\/p>\n\n\n\n<p class=\"wp-block-paragraph\"><\/p>\n\n\n\n<p class=\"wp-block-paragraph\">More here soon about<\/p>\n\n\n\n<p class=\"wp-block-paragraph\">Witzig und Funny<\/p>\n\n\n\n<p class=\"wp-block-paragraph\">Lustig und Schluss mit lustig \u2026<\/p>\n\n\n\n<p class=\"wp-block-paragraph\">Dem Volk auf\u2019s Maul geschaut!<\/p>\n\n\n\n<p class=\"wp-block-paragraph\">Volk und Folklore <\/p>\n\n\n\n<p class=\"wp-block-paragraph\">Volk und Volkswagen<\/p>\n\n\n\n<p class=\"wp-block-paragraph\">Blut und Biden<\/p>\n\n\n\n<p class=\"wp-block-paragraph\">Was k\u00f6nnen wir lernen von Gaza?<\/p>\n\n\n\n<figure class=\"wp-block-image size-large\"><img data-recalc-dims=\"1\" loading=\"lazy\" decoding=\"async\" width=\"650\" height=\"867\" data-attachment-id=\"36545\" data-permalink=\"https:\/\/bloeckerblog.com\/img_8287\/\" data-orig-file=\"https:\/\/i0.wp.com\/bloeckerblog.com\/wp-content\/uploads\/2024\/03\/img_8287.jpg?fit=1500%2C2000&amp;ssl=1\" data-orig-size=\"1500,2000\" data-comments-opened=\"1\" data-image-meta=\"{&quot;aperture&quot;:&quot;1.8&quot;,&quot;credit&quot;:&quot;&quot;,&quot;camera&quot;:&quot;iPhone 8 Plus&quot;,&quot;caption&quot;:&quot;&quot;,&quot;created_timestamp&quot;:&quot;1710078106&quot;,&quot;copyright&quot;:&quot;&quot;,&quot;focal_length&quot;:&quot;3.99&quot;,&quot;iso&quot;:&quot;32&quot;,&quot;shutter_speed&quot;:&quot;0.0083333333333333&quot;,&quot;title&quot;:&quot;&quot;,&quot;orientation&quot;:&quot;1&quot;}\" data-image-title=\"img_8287\" data-image-description=\"\" data-image-caption=\"\" data-medium-file=\"https:\/\/i0.wp.com\/bloeckerblog.com\/wp-content\/uploads\/2024\/03\/img_8287.jpg?fit=225%2C300&amp;ssl=1\" data-large-file=\"https:\/\/i0.wp.com\/bloeckerblog.com\/wp-content\/uploads\/2024\/03\/img_8287.jpg?fit=650%2C867&amp;ssl=1\" src=\"https:\/\/i0.wp.com\/bloeckerblog.com\/wp-content\/uploads\/2024\/03\/img_8287.jpg?resize=650%2C867&#038;ssl=1\" alt=\"\" class=\"wp-image-36545\" srcset=\"https:\/\/i0.wp.com\/bloeckerblog.com\/wp-content\/uploads\/2024\/03\/img_8287.jpg?resize=768%2C1024&amp;ssl=1 768w, https:\/\/i0.wp.com\/bloeckerblog.com\/wp-content\/uploads\/2024\/03\/img_8287.jpg?resize=225%2C300&amp;ssl=1 225w, https:\/\/i0.wp.com\/bloeckerblog.com\/wp-content\/uploads\/2024\/03\/img_8287.jpg?resize=1152%2C1536&amp;ssl=1 1152w, https:\/\/i0.wp.com\/bloeckerblog.com\/wp-content\/uploads\/2024\/03\/img_8287.jpg?resize=488%2C650&amp;ssl=1 488w, https:\/\/i0.wp.com\/bloeckerblog.com\/wp-content\/uploads\/2024\/03\/img_8287.jpg?w=1500&amp;ssl=1 1500w, https:\/\/i0.wp.com\/bloeckerblog.com\/wp-content\/uploads\/2024\/03\/img_8287.jpg?w=1300&amp;ssl=1 1300w\" sizes=\"auto, (max-width: 650px) 100vw, 650px\" \/><figcaption class=\"wp-element-caption\">Mural ~ Credit phb<\/figcaption><\/figure>\n","protected":false},"excerpt":{"rendered":"<p>Witz und Humor | Intelligenz Shakespeare Pun | Wortspiel und Humor Wilhelm Busch und Loriot Was ist trockener Humor? Was ist Mutterwitz? Kann ein Vater auch witzig sein? Ein Kalauer ist ein einfaches, oft auf einem Wortspiel beruhendes Witz, das manchmal als Flachwitz oder Plattwitz bezeichnet wird. Es zeichnet sich durch eine eher geringe \u201eLustigkeit\u201c [&hellip;]<\/p>\n","protected":false},"author":2,"featured_media":0,"parent":0,"menu_order":0,"comment_status":"closed","ping_status":"closed","template":"","meta":{"_acf_changed":false,"_bbp_topic_count":0,"_bbp_reply_count":0,"_bbp_total_topic_count":0,"_bbp_total_reply_count":0,"_bbp_voice_count":0,"_bbp_anonymous_reply_count":0,"_bbp_topic_count_hidden":0,"_bbp_reply_count_hidden":0,"_bbp_forum_subforum_count":0,"_crdt_document":"","jetpack_post_was_ever_published":false,"footnotes":""},"class_list":["post-37036","page","type-page","status-publish","hentry","post"],"acf":[],"yoast_head":"<!-- This site is optimized with the Yoast SEO plugin v27.2 - https:\/\/yoast.com\/product\/yoast-seo-wordpress\/ -->\n<title>Wit - Bloecker Blog<\/title>\n<meta name=\"robots\" content=\"index, follow, max-snippet:-1, max-image-preview:large, max-video-preview:-1\" \/>\n<link rel=\"canonical\" href=\"https:\/\/bloeckerblog.com\/index.php\/witz-mutterwitz-sprache\/\" class=\"yoast-seo-meta-tag\" \/>\n<meta property=\"og:locale\" content=\"en_US\" class=\"yoast-seo-meta-tag\" \/>\n<meta property=\"og:type\" content=\"article\" class=\"yoast-seo-meta-tag\" \/>\n<meta property=\"og:title\" content=\"Wit - Bloecker Blog\" class=\"yoast-seo-meta-tag\" \/>\n<meta property=\"og:description\" content=\"Witz und Humor | Intelligenz Shakespeare Pun | Wortspiel und Humor Wilhelm Busch und Loriot Was ist trockener Humor? Was ist Mutterwitz? Kann ein Vater auch witzig sein? Ein Kalauer ist ein einfaches, oft auf einem Wortspiel beruhendes Witz, das manchmal als Flachwitz oder Plattwitz bezeichnet wird. Es zeichnet sich durch eine eher geringe \u201eLustigkeit\u201c [&hellip;]\" class=\"yoast-seo-meta-tag\" \/>\n<meta property=\"og:url\" content=\"https:\/\/bloeckerblog.com\/index.php\/witz-mutterwitz-sprache\/\" class=\"yoast-seo-meta-tag\" \/>\n<meta property=\"og:site_name\" content=\"Bloecker Blog\" class=\"yoast-seo-meta-tag\" \/>\n<meta property=\"article:publisher\" content=\"https:\/\/facebook.com\/peter.bloecker\" class=\"yoast-seo-meta-tag\" \/>\n<meta property=\"article:modified_time\" content=\"2024-06-01T14:54:08+00:00\" class=\"yoast-seo-meta-tag\" \/>\n<meta property=\"og:image\" content=\"https:\/\/bloeckerblog.com\/wp-content\/uploads\/2024\/03\/img_8287-768x1024.jpg\" class=\"yoast-seo-meta-tag\" \/>\n<meta name=\"twitter:card\" content=\"summary_large_image\" class=\"yoast-seo-meta-tag\" \/>\n<meta name=\"twitter:label1\" content=\"Est. reading time\" class=\"yoast-seo-meta-tag\" \/>\n\t<meta name=\"twitter:data1\" content=\"6 minutes\" class=\"yoast-seo-meta-tag\" \/>\n<script type=\"application\/ld+json\" class=\"yoast-schema-graph\">{\"@context\":\"https:\/\/schema.org\",\"@graph\":[{\"@type\":\"WebPage\",\"@id\":\"https:\/\/bloeckerblog.com\/index.php\/witz-mutterwitz-sprache\/\",\"url\":\"https:\/\/bloeckerblog.com\/index.php\/witz-mutterwitz-sprache\/\",\"name\":\"Wit - Bloecker Blog\",\"isPartOf\":{\"@id\":\"https:\/\/bloeckerblog.com\/#website\"},\"primaryImageOfPage\":{\"@id\":\"https:\/\/bloeckerblog.com\/index.php\/witz-mutterwitz-sprache\/#primaryimage\"},\"image\":{\"@id\":\"https:\/\/bloeckerblog.com\/index.php\/witz-mutterwitz-sprache\/#primaryimage\"},\"thumbnailUrl\":\"https:\/\/bloeckerblog.com\/wp-content\/uploads\/2024\/03\/img_8287-768x1024.jpg\",\"datePublished\":\"2024-06-01T14:13:19+00:00\",\"dateModified\":\"2024-06-01T14:54:08+00:00\",\"breadcrumb\":{\"@id\":\"https:\/\/bloeckerblog.com\/index.php\/witz-mutterwitz-sprache\/#breadcrumb\"},\"inLanguage\":\"en-US\",\"potentialAction\":[{\"@type\":\"ReadAction\",\"target\":[\"https:\/\/bloeckerblog.com\/index.php\/witz-mutterwitz-sprache\/\"]}]},{\"@type\":\"ImageObject\",\"inLanguage\":\"en-US\",\"@id\":\"https:\/\/bloeckerblog.com\/index.php\/witz-mutterwitz-sprache\/#primaryimage\",\"url\":\"https:\/\/i0.wp.com\/bloeckerblog.com\/wp-content\/uploads\/2024\/03\/img_8287.jpg?fit=1500%2C2000&ssl=1\",\"contentUrl\":\"https:\/\/i0.wp.com\/bloeckerblog.com\/wp-content\/uploads\/2024\/03\/img_8287.jpg?fit=1500%2C2000&ssl=1\",\"width\":1500,\"height\":2000},{\"@type\":\"BreadcrumbList\",\"@id\":\"https:\/\/bloeckerblog.com\/index.php\/witz-mutterwitz-sprache\/#breadcrumb\",\"itemListElement\":[{\"@type\":\"ListItem\",\"position\":1,\"name\":\"Home\",\"item\":\"https:\/\/bloeckerblog.com\/\"},{\"@type\":\"ListItem\",\"position\":2,\"name\":\"Wit\"}]},{\"@type\":\"WebSite\",\"@id\":\"https:\/\/bloeckerblog.com\/#website\",\"url\":\"https:\/\/bloeckerblog.com\/\",\"name\":\"Bloecker Blog\",\"description\":\"Blogging on Higher Education\",\"publisher\":{\"@id\":\"https:\/\/bloeckerblog.com\/#\/schema\/person\/2835e1821aacb4f0c6f86abbb0e96093\"},\"potentialAction\":[{\"@type\":\"SearchAction\",\"target\":{\"@type\":\"EntryPoint\",\"urlTemplate\":\"https:\/\/bloeckerblog.com\/?s={search_term_string}\"},\"query-input\":{\"@type\":\"PropertyValueSpecification\",\"valueRequired\":true,\"valueName\":\"search_term_string\"}}],\"inLanguage\":\"en-US\"},{\"@type\":[\"Person\",\"Organization\"],\"@id\":\"https:\/\/bloeckerblog.com\/#\/schema\/person\/2835e1821aacb4f0c6f86abbb0e96093\",\"name\":\"phb\",\"image\":{\"@type\":\"ImageObject\",\"inLanguage\":\"en-US\",\"@id\":\"https:\/\/i0.wp.com\/bloeckerblog.com\/wp-content\/uploads\/2024\/03\/avatar_original-1-1.jpg?fit=500%2C500&ssl=1\",\"url\":\"https:\/\/i0.wp.com\/bloeckerblog.com\/wp-content\/uploads\/2024\/03\/avatar_original-1-1.jpg?fit=500%2C500&ssl=1\",\"contentUrl\":\"https:\/\/i0.wp.com\/bloeckerblog.com\/wp-content\/uploads\/2024\/03\/avatar_original-1-1.jpg?fit=500%2C500&ssl=1\",\"width\":500,\"height\":500,\"caption\":\"phb\"},\"logo\":{\"@id\":\"https:\/\/i0.wp.com\/bloeckerblog.com\/wp-content\/uploads\/2024\/03\/avatar_original-1-1.jpg?fit=500%2C500&ssl=1\"},\"description\":\"Linguist plus Educator of English and German and American Studies, retired since AUG 2015. Teacher at the DHPS Windhoek, Namibia, from 1988-2004. Living at the Gold Coast in QLD Australia with Casa Da Vovo Burleigh (FB). German Language Adviser of the Goethe-Institut Sydney (1998 - 2005) Office in Brisbane, Education QUEENSLAND. Coordinator and Director of Studies at Fritz Reuter Gymnasium, Dannenberg (River Elbe) from 2005 - 2012. (ATZ) Active Blogger and Digital Nomad. Author of Business German Podcast on Spotify.com Gymnasium Blogger Germany Author on Medium.com Truly Northern Music Is The LANGUAGE\",\"sameAs\":[\"https:\/\/peblogger.com\",\"https:\/\/facebook.com\/peter.bloecker\",\"https:\/\/instagram.com\/peblogger\"]}]}<\/script>\n<!-- \/ Yoast SEO plugin. -->","yoast_head_json":{"title":"Wit - Bloecker Blog","robots":{"index":"index","follow":"follow","max-snippet":"max-snippet:-1","max-image-preview":"max-image-preview:large","max-video-preview":"max-video-preview:-1"},"canonical":"https:\/\/bloeckerblog.com\/index.php\/witz-mutterwitz-sprache\/","og_locale":"en_US","og_type":"article","og_title":"Wit - Bloecker Blog","og_description":"Witz und Humor | Intelligenz Shakespeare Pun | Wortspiel und Humor Wilhelm Busch und Loriot Was ist trockener Humor? Was ist Mutterwitz? Kann ein Vater auch witzig sein? Ein Kalauer ist ein einfaches, oft auf einem Wortspiel beruhendes Witz, das manchmal als Flachwitz oder Plattwitz bezeichnet wird. Es zeichnet sich durch eine eher geringe \u201eLustigkeit\u201c [&hellip;]","og_url":"https:\/\/bloeckerblog.com\/index.php\/witz-mutterwitz-sprache\/","og_site_name":"Bloecker Blog","article_publisher":"https:\/\/facebook.com\/peter.bloecker","article_modified_time":"2024-06-01T14:54:08+00:00","og_image":[{"url":"https:\/\/bloeckerblog.com\/wp-content\/uploads\/2024\/03\/img_8287-768x1024.jpg","type":"","width":"","height":""}],"twitter_card":"summary_large_image","twitter_misc":{"Est. reading time":"6 minutes"},"schema":{"@context":"https:\/\/schema.org","@graph":[{"@type":"WebPage","@id":"https:\/\/bloeckerblog.com\/index.php\/witz-mutterwitz-sprache\/","url":"https:\/\/bloeckerblog.com\/index.php\/witz-mutterwitz-sprache\/","name":"Wit - Bloecker Blog","isPartOf":{"@id":"https:\/\/bloeckerblog.com\/#website"},"primaryImageOfPage":{"@id":"https:\/\/bloeckerblog.com\/index.php\/witz-mutterwitz-sprache\/#primaryimage"},"image":{"@id":"https:\/\/bloeckerblog.com\/index.php\/witz-mutterwitz-sprache\/#primaryimage"},"thumbnailUrl":"https:\/\/bloeckerblog.com\/wp-content\/uploads\/2024\/03\/img_8287-768x1024.jpg","datePublished":"2024-06-01T14:13:19+00:00","dateModified":"2024-06-01T14:54:08+00:00","breadcrumb":{"@id":"https:\/\/bloeckerblog.com\/index.php\/witz-mutterwitz-sprache\/#breadcrumb"},"inLanguage":"en-US","potentialAction":[{"@type":"ReadAction","target":["https:\/\/bloeckerblog.com\/index.php\/witz-mutterwitz-sprache\/"]}]},{"@type":"ImageObject","inLanguage":"en-US","@id":"https:\/\/bloeckerblog.com\/index.php\/witz-mutterwitz-sprache\/#primaryimage","url":"https:\/\/i0.wp.com\/bloeckerblog.com\/wp-content\/uploads\/2024\/03\/img_8287.jpg?fit=1500%2C2000&ssl=1","contentUrl":"https:\/\/i0.wp.com\/bloeckerblog.com\/wp-content\/uploads\/2024\/03\/img_8287.jpg?fit=1500%2C2000&ssl=1","width":1500,"height":2000},{"@type":"BreadcrumbList","@id":"https:\/\/bloeckerblog.com\/index.php\/witz-mutterwitz-sprache\/#breadcrumb","itemListElement":[{"@type":"ListItem","position":1,"name":"Home","item":"https:\/\/bloeckerblog.com\/"},{"@type":"ListItem","position":2,"name":"Wit"}]},{"@type":"WebSite","@id":"https:\/\/bloeckerblog.com\/#website","url":"https:\/\/bloeckerblog.com\/","name":"Bloecker Blog","description":"Blogging on Higher Education","publisher":{"@id":"https:\/\/bloeckerblog.com\/#\/schema\/person\/2835e1821aacb4f0c6f86abbb0e96093"},"potentialAction":[{"@type":"SearchAction","target":{"@type":"EntryPoint","urlTemplate":"https:\/\/bloeckerblog.com\/?s={search_term_string}"},"query-input":{"@type":"PropertyValueSpecification","valueRequired":true,"valueName":"search_term_string"}}],"inLanguage":"en-US"},{"@type":["Person","Organization"],"@id":"https:\/\/bloeckerblog.com\/#\/schema\/person\/2835e1821aacb4f0c6f86abbb0e96093","name":"phb","image":{"@type":"ImageObject","inLanguage":"en-US","@id":"https:\/\/i0.wp.com\/bloeckerblog.com\/wp-content\/uploads\/2024\/03\/avatar_original-1-1.jpg?fit=500%2C500&ssl=1","url":"https:\/\/i0.wp.com\/bloeckerblog.com\/wp-content\/uploads\/2024\/03\/avatar_original-1-1.jpg?fit=500%2C500&ssl=1","contentUrl":"https:\/\/i0.wp.com\/bloeckerblog.com\/wp-content\/uploads\/2024\/03\/avatar_original-1-1.jpg?fit=500%2C500&ssl=1","width":500,"height":500,"caption":"phb"},"logo":{"@id":"https:\/\/i0.wp.com\/bloeckerblog.com\/wp-content\/uploads\/2024\/03\/avatar_original-1-1.jpg?fit=500%2C500&ssl=1"},"description":"Linguist plus Educator of English and German and American Studies, retired since AUG 2015. Teacher at the DHPS Windhoek, Namibia, from 1988-2004. Living at the Gold Coast in QLD Australia with Casa Da Vovo Burleigh (FB). German Language Adviser of the Goethe-Institut Sydney (1998 - 2005) Office in Brisbane, Education QUEENSLAND. Coordinator and Director of Studies at Fritz Reuter Gymnasium, Dannenberg (River Elbe) from 2005 - 2012. (ATZ) Active Blogger and Digital Nomad. Author of Business German Podcast on Spotify.com Gymnasium Blogger Germany Author on Medium.com Truly Northern Music Is The LANGUAGE","sameAs":["https:\/\/peblogger.com","https:\/\/facebook.com\/peter.bloecker","https:\/\/instagram.com\/peblogger"]}]}},"jetpack_shortlink":"https:\/\/wp.me\/PchfmT-9Dm","jetpack-related-posts":[],"jetpack_sharing_enabled":true,"_links":{"self":[{"href":"https:\/\/bloeckerblog.com\/index.php\/wp-json\/wp\/v2\/pages\/37036","targetHints":{"allow":["GET"]}}],"collection":[{"href":"https:\/\/bloeckerblog.com\/index.php\/wp-json\/wp\/v2\/pages"}],"about":[{"href":"https:\/\/bloeckerblog.com\/index.php\/wp-json\/wp\/v2\/types\/page"}],"author":[{"embeddable":true,"href":"https:\/\/bloeckerblog.com\/index.php\/wp-json\/wp\/v2\/users\/2"}],"replies":[{"embeddable":true,"href":"https:\/\/bloeckerblog.com\/index.php\/wp-json\/wp\/v2\/comments?post=37036"}],"version-history":[{"count":7,"href":"https:\/\/bloeckerblog.com\/index.php\/wp-json\/wp\/v2\/pages\/37036\/revisions"}],"predecessor-version":[{"id":37046,"href":"https:\/\/bloeckerblog.com\/index.php\/wp-json\/wp\/v2\/pages\/37036\/revisions\/37046"}],"wp:attachment":[{"href":"https:\/\/bloeckerblog.com\/index.php\/wp-json\/wp\/v2\/media?parent=37036"}],"curies":[{"name":"wp","href":"https:\/\/api.w.org\/{rel}","templated":true}]}}